{"id":101,"date":"2024-12-10T18:08:55","date_gmt":"2024-12-10T18:08:55","guid":{"rendered":"https:\/\/campervanen.no\/?page_id=101"},"modified":"2026-01-07T11:08:42","modified_gmt":"2026-01-07T11:08:42","slug":"generell-informasjon-om-vanen","status":"publish","type":"page","link":"https:\/\/campervanen.no\/index.php\/generell-informasjon-om-vanen\/","title":{"rendered":"Generell informasjon"},"content":{"rendered":"\n<p>Denne varebilen er bygd om til en Campervan med plass til 2 personer.<\/p>\n\n\n\n<p>Varebilen er en Peugeot Expert 2012 modell, lang versjon, med automatgir. Diesel.<\/p>\n\n\n\n<p>Sengen er 150&#215;200, med god overmadrass.<\/p>\n\n\n\n<p>Det medf\u00f8lger 2 stk dyner og puter, med nytt og rent senget\u00f8y.<\/p>\n\n\n\n<p>Sommerdyne p\u00e5 sommer, og har 2 vinterdyner til h\u00f8st\/vinter.<\/p>\n\n\n\n<p>I tillegg er det 2 fleecepledd. <\/p>\n\n\n\n<p>Vanen har et fullt utstyrt kj\u00f8kken:<\/p>\n\n\n\n<p>&#8211; Primus gasstopp med 2 bluss<\/p>\n\n\n\n<p>&#8211; Gassbeholdere (det f\u00f8lger med en stor gassbeholder 450g)<\/p>\n\n\n\n<p>&#8211; Kj\u00f8leskap 22L<\/p>\n\n\n\n<p>&#8211; Stekepanne og gryter<\/p>\n\n\n\n<p>&#8211; Alt av tallerkener, kopper, glass og bestikk<\/p>\n\n\n\n<p>Bilen er i fullisolert, og har lystette gardiner.<\/p>\n\n\n\n<p>P\u00e5 taket er det installert en MaxxFan Deluxe takvifte som b\u00e5de kan f\u00e5 luft inn i bilen, eller trekke luft ut. Den har 10 ulike hastigheter og er sv\u00e6rt stilleg\u00e5ende. Den kan ogs\u00e5 \u00e5pnes som en ventilasjonsluke med viften avskrudd. &nbsp;<\/p>\n\n\n\n<p>Til h\u00f8st\/vinter medf\u00f8lger kupevarmer som kan kobles til 12v-uttak bak i bilen, for \u00e5 varme opp innvendig p\u00e5 kj\u00f8lige dager. I tillegg er det en 250W panelovn som man kobler direkte til powerbanken. Denne varer i 4 timer p\u00e5 full effekt med fulladet batteri. Kan ogs\u00e5 brukes mens bilen kj\u00f8rer, og dermed bruker man ikke opp batteriet fortere enn det lades opp.<\/p>\n\n\n\n<p>Bilen er utstyrt med en stor og solid powerbank; Ecoflow Delta 2.<\/p>\n\n\n\n<p>Denne er koblet opp mot bilens elektriske system, og driver alt fra kj\u00f8leskap, lys, og usb-lading.<\/p>\n\n\n\n<p>I tillegg kan man bruke powerbanken som en egen ladestasjon.<\/p>\n\n\n\n<p>Fulladet varer batteriet i 3-4 dager, og lades opp til 100% p\u00e5 cirka 2 timers bilkj\u00f8ring via bilens eget ladesystem. Powerbanken kan ogs\u00e5 kobles til vanlig stikkontakt og fullades p\u00e5 1 time.<\/p>\n\n\n\n<p>Vanen er ogs\u00e5 utstyrt med en oppladbar dusj. Det er ogs\u00e5 en sammenleggbar WC.<\/p>\n\n\n\n<p>Selve bilen er ellers utstyrt med:<\/p>\n\n\n\n<p>&#8211; Automatgir<\/p>\n\n\n\n<p>&#8211; Justerbare seter<\/p>\n\n\n\n<p>&#8211; Ryggekamera<\/p>\n\n\n\n<p>&#8211; DAB med bluetooth<\/p>\n\n\n\n<p>&#8211; Nye h\u00f8yttalere fra JBL.<\/p>\n\n\n\n<p>Pris per d\u00f8gn er 1250NOK i lavsesong.<\/p>\n\n\n\n<p>For h\u00f8ysesong mai til august er prisen 1390NOK. <\/p>\n\n\n\n<p>Jeg har forsikring for utleie, fordrer sj\u00e5f\u00f8r over 23 \u00e5r. Egenandel er 5000,- som er depositum.<\/p>\n\n\n\n<p>Hvis sj\u00e5f\u00f8r under 23 ta kontakt, s\u00e5 finner vi en l\u00f8sning:)<\/p>\n\n\n\n<p>N\u00e5r bilen returneres, f\u00e5r man tilbake depositum, minus bompenger.<\/p>\n\n\n\n<p>Bilen er EU-godkjent oktober 2025, og alt fungerer som det skal. Bilen er godt vedlikeholdt.<\/p>\n\n\n\n<p>Dersom problemer skulle oppst\u00e5 har jeg tilgang p\u00e5 veihjelp fra Redgo via forsikring.<\/p>\n\n\n\n<p>200km per utleied\u00f8gn er inkludert, men kan v\u00e6re fleksibel. Utover dette kr 3 per km.<\/p>\n\n\n\n<p>Innsjekk etter kl 15, eller etter avtale.<\/p>\n\n\n\n<p>Utsjekk f\u00f8r kl 12, eller etter avtale.<br><br>Ved \u00f8vrige sp\u00f8rsm\u00e5l ta kontakt, enten via kontaktskjema her p\u00e5 nettsiden, eller via annonsen p\u00e5 Finn.no<\/p>\n","protected":false},"excerpt":{"rendered":"<p>Denne varebilen er bygd om til en Campervan med plass til 2 personer. Varebilen er en Peugeot Expert 2012 modell, lang versjon, med automatgir. Diesel. Sengen er 150&#215;200, med god overmadrass. Det medf\u00f8lger 2 stk dyner og puter, med nytt og rent senget\u00f8y. Sommerdyne p\u00e5 sommer, og har 2 vinterdyner til h\u00f8st\/vinter. I tillegg er &hellip; <a href=\"https:\/\/campervanen.no\/index.php\/generell-informasjon-om-vanen\/\" class=\"more-link\">Fortsett \u00e5 lese<span class=\"screen-reader-text\"> \u00abGenerell informasjon\u00bb<\/span><\/a><\/p>\n","protected":false},"author":1,"featured_media":0,"parent":0,"menu_order":0,"comment_status":"closed","ping_status":"closed","template":"","meta":{"footnotes":""},"class_list":["post-101","page","type-page","status-publish","hentry"],"_links":{"self":[{"href":"https:\/\/campervanen.no\/index.php\/wp-json\/wp\/v2\/pages\/101","targetHints":{"allow":["GET"]}}],"collection":[{"href":"https:\/\/campervanen.no\/index.php\/wp-json\/wp\/v2\/pages"}],"about":[{"href":"https:\/\/campervanen.no\/index.php\/wp-json\/wp\/v2\/types\/page"}],"author":[{"embeddable":true,"href":"https:\/\/campervanen.no\/index.php\/wp-json\/wp\/v2\/users\/1"}],"replies":[{"embeddable":true,"href":"https:\/\/campervanen.no\/index.php\/wp-json\/wp\/v2\/comments?post=101"}],"version-history":[{"count":7,"href":"https:\/\/campervanen.no\/index.php\/wp-json\/wp\/v2\/pages\/101\/revisions"}],"predecessor-version":[{"id":214,"href":"https:\/\/campervanen.no\/index.php\/wp-json\/wp\/v2\/pages\/101\/revisions\/214"}],"wp:attachment":[{"href":"https:\/\/campervanen.no\/index.php\/wp-json\/wp\/v2\/media?parent=101"}],"curies":[{"name":"wp","href":"https:\/\/api.w.org\/{rel}","templated":true}]}}